{"id":18,"date":"2021-04-18T08:45:14","date_gmt":"2021-04-18T07:45:14","guid":{"rendered":"http:\/\/79.170.40.54\/kostasvoulgaris.com\/gipsy-airlines\/?page_id=18"},"modified":"2022-02-05T14:13:44","modified_gmt":"2022-02-05T13:13:44","slug":"about","status":"publish","type":"page","link":"http:\/\/79.170.40.54\/kostasvoulgaris.com\/gipsy-airlines\/?page_id=18","title":{"rendered":"Le Tour d&#8217;Europe en 80 secondes"},"content":{"rendered":"\n<figure class=\"wp-block-embed-youtube aligncenter wp-block-embed is-type-video is-provider-youtube wp-embed-aspect-16-9 wp-has-aspect-ratio\"><div class=\"wp-block-embed__wrapper\">\n<iframe title=\"Gipsy Airlines - Le tour d&#039;Europe en 80 secondes - Teaser 2020\" width=\"696\" height=\"392\" src=\"https:\/\/www.youtube.com\/embed\/h0RCPlLDIm0?start=3&#038;feature=oembed\" frameborder=\"0\" allow=\"accelerometer; autoplay; clipboard-write; encrypted-media; gyroscope; picture-in-picture\" allowfullscreen><\/iframe>\n<\/div><\/figure>\n\n\n<div class=\"col-md-6 col-sm-6 col-xs-12\">\n<p><strong>Le tour d&#8217;Europe en 80 secondes\u00a0<\/strong>: (\u00e0 partir de 5 ans \u2013 50 minutes)<br \/><em>Duo de Clown Musical Burlesque<\/em><\/p>\n<p>\u00a0<\/p>\n<blockquote>\n<p>La compagnie Gipsy Airlines vous embarque au sein de son appareil, qui peut accueillir jusqu&#8217;\u00e0 un passager, pour tenter de faire le tour de l&#8217;Europe en 80 secondes . Bien s\u00fbr, rien ne se passe comme pr\u00e9vu ! Un probl\u00e8me technique en Gr\u00e8ce, un Crash en Serbie, sans oublier les mouvements sociaux en Autriche.<\/p>\n<p>\u00a0<\/p>\n<p>Autant d&#8217;occasions de d\u00e9couvrir ces pays, d&#8217;\u00e9couter une chanson de la musique traditionnelle locale et de rigoler des d\u00e9convenues de l&#8217;\u00e9quipage.<\/p>\n<\/blockquote>\n<\/div>\n<div class=\"col-md-6 col-sm-6 col-xs-12 wow fadeInDown animated animated animated animated animated\" style=\"visibility: visible; animation-delay: 0.4s; animation-name: fadeInDown;\" data-wow-delay=\"0.4s\">\u00a0<\/div>","protected":false},"excerpt":{"rendered":"<p>Le tour d&#8217;Europe en 80 secondes\u00a0: (\u00e0 partir de 5 ans \u2013 50 minutes)Duo de Clown Musical Burlesque \u00a0 La compagnie Gipsy Airlines vous embarque au sein de son appareil, qui peut accueillir jusqu&#8217;\u00e0 un passager, pour tenter de faire le tour de l&#8217;Europe en 80 secondes . Bien s\u00fbr, rien ne se passe comme<\/p><\/div>\n<div class=\"blog-btn\"><a href=\"http:\/\/79.170.40.54\/kostasvoulgaris.com\/gipsy-airlines\/?page_id=18\" class=\"home-blog-btn\">Read More<\/a><\/p>\n","protected":false},"author":1,"featured_media":0,"parent":0,"menu_order":0,"comment_status":"closed","ping_status":"closed","template":"template\/template-about.php","meta":[],"_links":{"self":[{"href":"http:\/\/79.170.40.54\/kostasvoulgaris.com\/gipsy-airlines\/index.php?rest_route=\/wp\/v2\/pages\/18"}],"collection":[{"href":"http:\/\/79.170.40.54\/kostasvoulgaris.com\/gipsy-airlines\/index.php?rest_route=\/wp\/v2\/pages"}],"about":[{"href":"http:\/\/79.170.40.54\/kostasvoulgaris.com\/gipsy-airlines\/index.php?rest_route=\/wp\/v2\/types\/page"}],"author":[{"embeddable":true,"href":"http:\/\/79.170.40.54\/kostasvoulgaris.com\/gipsy-airlines\/index.php?rest_route=\/wp\/v2\/users\/1"}],"replies":[{"embeddable":true,"href":"http:\/\/79.170.40.54\/kostasvoulgaris.com\/gipsy-airlines\/index.php?rest_route=%2Fwp%2Fv2%2Fcomments&post=18"}],"version-history":[{"count":8,"href":"http:\/\/79.170.40.54\/kostasvoulgaris.com\/gipsy-airlines\/index.php?rest_route=\/wp\/v2\/pages\/18\/revisions"}],"predecessor-version":[{"id":152,"href":"http:\/\/79.170.40.54\/kostasvoulgaris.com\/gipsy-airlines\/index.php?rest_route=\/wp\/v2\/pages\/18\/revisions\/152"}],"wp:attachment":[{"href":"http:\/\/79.170.40.54\/kostasvoulgaris.com\/gipsy-airlines\/index.php?rest_route=%2Fwp%2Fv2%2Fmedia&parent=18"}],"curies":[{"name":"wp","href":"https:\/\/api.w.org\/{rel}","templated":true}]}}